{"id":1043,"date":"2024-09-20T18:23:06","date_gmt":"2024-09-20T18:23:06","guid":{"rendered":"https:\/\/desentopecanalizacoes.pt\/?page_id=1043"},"modified":"2024-09-22T14:26:43","modified_gmt":"2024-09-22T14:26:43","slug":"pagina-inicial","status":"publish","type":"page","link":"https:\/\/desentopecanalizacoes.pt\/","title":{"rendered":"Desentope Canaliza\u00e7\u00f5es &#8211; Intro"},"content":{"rendered":"\n    \n    <section class=\"u-align-center u-clearfix u-container-align-center u-image u-shading u-section-2\" id=\"carousel_ceea\" data-image-width=\"900\" data-image-height=\"600\" style=\"background-image: linear-gradient(0deg, rgba(0, 0, 0, 0.4), rgba(0, 0, 0, 0.4)), url(&quot;https:\/\/desentopecanalizacoes.pt\/wp-content\/uploads\/2024\/09\/frg-2.jpg&quot;);\">\n      <div class=\"u-clearfix u-sheet u-sheet-1\">\n        <div class=\"data-layout-selected u-clearfix u-expanded-width-xs u-layout-wrap u-layout-wrap-1\">\n          <div class=\"u-gutter-0 u-layout\">\n            <div class=\"u-layout-col\">\n              <div class=\"u-size-30\">\n                <div class=\"u-layout-row\">\n                  <div class=\"u-align-left u-container-align-left u-container-style u-layout-cell u-left-cell u-right-cell u-size-60 u-layout-cell-1\">\n                    <div class=\"u-container-layout u-valign-top-lg u-valign-top-md u-valign-top-sm u-valign-top-xl u-container-layout-1\">\n                      <h4 class=\"u-text u-text-1\">DESENTOPE<\/h4>\n                      <h1 class=\"u-text u-text-custom-color-2 u-title u-text-2\">\n                        <a class=\"u-active-none u-border-none u-btn u-button-link u-button-style u-hover-none u-none u-text-custom-color-1 u-btn-1\" data-href=\"#\">CANALIZA\u00c7\u00d5ES<\/a>\n                      <\/h1>\n                      <div class=\"u-border-11 u-border-white u-expanded-width u-line u-line-horizontal u-line-1\"><\/div>\n                      <h5 class=\"u-text u-text-body-alt-color u-text-3\">\n                        <a class=\"u-active-none u-border-none u-btn u-button-link u-button-style u-hover-none u-none u-text-white u-btn-2\" data-href=\"#\">DESENTUPIMENTOS PARTICULARES E EMPRESAS<br>Mais de 20 Anos de Experi\u00eancia&nbsp;<br>\n                        <\/a>\n                      <\/h5>\n                    <\/div>\n                  <\/div>\n                <\/div>\n              <\/div>\n              <div class=\"u-size-30\">\n                <div class=\"u-layout-row\">\n                  <div class=\"u-align-left u-container-align-left u-container-style u-hidden-sm u-hidden-xs u-layout-cell u-right-cell u-size-60 u-layout-cell-2\">\n                    <div class=\"u-container-layout u-valign-top u-container-layout-2\"><\/div>\n                  <\/div>\n                <\/div>\n              <\/div>\n            <\/div>\n          <\/div>\n        <\/div>\n      <\/div>\n    <\/section>\n    <section class=\"u-align-center u-clearfix u-container-align-center u-grey-5 u-section-3\" id=\"carousel_4ff3\">\n      <div class=\"u-clearfix u-sheet u-valign-middle-lg u-valign-middle-md u-valign-middle-sm u-valign-middle-xl u-sheet-1\">\n        <h5 class=\"u-text u-text-grey-40 u-text-1\">Equipa dispon\u00edvel&nbsp;<br>NA SUA ZONA\n        <\/h5>\n        <h1 class=\"u-text u-text-palette-1-base u-text-2\">\n          <a class=\"u-active-none u-border-none u-btn u-button-link u-button-style u-hover-none u-none u-text-palette-1-base u-btn-1\" data-href=\"#\" href=\"tel:+351925664593\">Podemos ajudar?<\/a>\n        <\/h1>\n        <p class=\"u-text u-text-3\"> A vida requer \u00e1gua!<br>A priva\u00e7\u00e3o de \u00e1gua \u00e9 algo que nos deixa realmente chateados e desesperados.<br>\n          <br><b>Desentope Canaliza\u00e7\u00f5es&nbsp;<\/b>est\u00e1 aqui para resolver os seus problemas de entupimentos da canaliza\u00e7\u00e3o e repara\u00e7\u00f5es com rapidez e qualidade. \n        <\/p>\n        <a href=\"tel:+351925664593\" class=\"u-border-1 u-border-palette-2-base u-btn u-btn-round u-button-style u-palette-2-base u-radius-3 u-btn-2\">\n          <span style=\"font-size: 0.875rem;\">\n            <span style=\"font-size: 1.125rem;\">Ligar Agora<\/span>&nbsp;\n          <\/span>\n          <br>\n          <span style=\"font-size: 0.625rem;\">(Chamada para a rede m\u00f3vel nacional) <\/span>\n        <\/a>\n      <\/div>\n    <\/section>\n    <section class=\"u-align-center u-clearfix u-container-align-center u-section-4\" id=\"carousel_1dd3\">\n      <div class=\"u-clearfix u-sheet u-valign-middle-md u-valign-middle-sm u-valign-middle-xl u-valign-middle-xs u-sheet-1\">\n        <div class=\"data-layout-selected u-clearfix u-expanded-width-lg u-expanded-width-md u-expanded-width-sm u-expanded-width-xs u-gutter-30 u-layout-wrap u-layout-wrap-1\">\n          <div class=\"u-layout\">\n            <div class=\"u-layout-row\">\n              <div class=\"u-size-30 u-size-60-md\">\n                <div class=\"u-layout-col\">\n                  <div class=\"u-align-left u-container-align-left u-container-style u-image u-layout-cell u-left-cell u-size-40 u-image-1\" style=\"background-image: url(&quot;https:\/\/desentopecanalizacoes.pt\/wp-content\/uploads\/2024\/09\/billionphotos1882993-2.jpg&quot;);\">\n                    <div class=\"u-container-layout\"><\/div>\n                  <\/div>\n                  <div class=\"u-align-left u-container-align-left u-container-style u-layout-cell u-left-cell u-size-20 u-layout-cell-2\">\n                    <div class=\"u-container-layout u-valign-middle-lg u-valign-middle-md u-valign-middle-sm u-valign-middle-xl u-container-layout-2\">\n                      <p class=\"u-text u-text-1\">A Desentope Canaliza\u00e7\u00f5es \u00e9 uma empresa especializada em desentupimentos para particulares e empresas, que presta servi\u00e7o em Portugal Continental. Tem uma equipa polivalente com mais de 20 anos de experi\u00eancia, dispon\u00edveis 24\/24h, 365 dias por ano.&nbsp;<br>\n                        <br>Entre em contacto connosco e enviamos o nosso piquete de emerg\u00eancia.\n                      <\/p>\n                    <\/div>\n                  <\/div>\n                <\/div>\n              <\/div>\n              <div class=\"u-size-30 u-size-60-md\">\n                <div class=\"u-layout-col\">\n                  <div class=\"u-align-left u-container-style u-layout-cell u-right-cell u-size-20 u-layout-cell-3\">\n                    <div class=\"u-container-layout u-valign-bottom u-container-layout-3\">\n                      <h2 class=\"u-text u-text-2\">Estamos na sua zona!<\/h2>\n                      <h3 class=\"u-text u-text-palette-1-base u-text-3\">\n                        <a class=\"u-active-none u-border-none u-btn u-button-link u-button-style u-hover-none u-none u-text-palette-1-base u-btn-1\" data-href=\"#\" href=\"tel:+351925664593\">Ligue-nos agora:<br>+351925664593<br>&nbsp;<span style=\"font-size: 0.75rem;\">(Chamada para a rede m\u00f3vel nacional) <\/span>\n                        <\/a>\n                      <\/h3>\n                    <\/div>\n                  <\/div>\n                  <div class=\"u-align-left u-container-align-left u-container-style u-image u-layout-cell u-right-cell u-size-40 u-image-2\" style=\"background-image: url(&quot;https:\/\/desentopecanalizacoes.pt\/wp-content\/uploads\/2024\/09\/billionphotos1883011-2.jpg&quot;);\">\n                    <div class=\"u-container-layout\"><\/div>\n                  <\/div>\n                <\/div>\n              <\/div>\n            <\/div>\n          <\/div>\n        <\/div>\n      <\/div>\n    <\/section>\n    <section class=\"u-align-center u-clearfix u-container-align-center u-image u-section-5\" id=\"carousel_3760\" style=\"background-image: url(&quot;https:\/\/desentopecanalizacoes.pt\/wp-content\/uploads\/2024\/09\/g-2.jpg&quot;);\">\n      <div class=\"u-clearfix u-sheet u-sheet-1\">\n        <div class=\"data-layout-selected u-clearfix u-expanded-width u-gutter-0 u-layout-wrap u-layout-wrap-1\">\n          <div class=\"u-layout\" style=\"\">\n            <div class=\"u-layout-row\" style=\"\">\n              <div class=\"u-container-style u-image u-layout-cell u-left-cell u-size-27 u-size-xs-60 u-image-1\" src=\"\" style=\"background-image: url(&quot;https:\/\/desentopecanalizacoes.pt\/wp-content\/uploads\/2024\/09\/billionphotos1079319min-2.png&quot;);\">\n                <div class=\"u-container-layout u-container-layout-1\" src=\"\"><\/div>\n              <\/div>\n              <div class=\"u-align-left u-container-align-left u-container-style u-layout-cell u-right-cell u-size-33 u-size-xs-60 u-layout-cell-2\" src=\"\">\n                <div class=\"u-container-layout u-container-layout-2\">\n                  <h2 class=\"u-text u-text-palette-1-base u-text-1\">T\u00c9CNICOS DE CONFIAN\u00c7A<\/h2>\n                  <div class=\"u-border-10 u-border-palette-2-base u-expanded-width u-line u-line-horizontal u-line-1\"><\/div>\n                  <p class=\"u-text u-text-2\">Trabalhamos apenas com os melhores t\u00e9cnicos de canaliza\u00e7\u00e3o, equipa com vasta experi\u00eancia em desentupimentos profissionais de todo o tipo.<br>\n                    <br>Pe\u00e7a abaixo o seu or\u00e7amento:<br>\n                    <span style=\"font-size: 0.75rem;\">(Chamada para a rede m\u00f3vel nacional)<\/span>\n                  <\/p>\n                  <a href=\"tel:+351925664593\" class=\"u-border-1 u-border-palette-2-base u-btn u-btn-round u-button-style u-palette-2-base u-radius-3 u-btn-1\">PEDIR Or\u00e7amento<\/a>\n                <\/div>\n              <\/div>\n            <\/div>\n          <\/div>\n        <\/div>\n      <\/div>\n    <\/section>\n    <section class=\"u-align-center u-clearfix u-container-align-center u-section-6\" id=\"carousel_3670\">\n      <div class=\"u-clearfix u-sheet u-sheet-1\">\n        <h1 class=\"u-text u-text-1\">DESENTUPIMENTOS<\/h1>\n        <div class=\"data-layout-selected u-clearfix u-expanded-width u-gutter-0 u-layout-wrap u-layout-wrap-1\">\n          <div class=\"u-gutter-0 u-layout\">\n            <div class=\"u-layout-row\">\n              <div class=\"u-align-left u-container-align-left u-container-style u-layout-cell u-left-cell u-size-20 u-layout-cell-1\">\n                <div class=\"u-container-layout u-valign-top u-container-layout-1\"><span class=\"u-file-icon u-icon u-icon-circle u-palette-2-base u-icon-1\"><img decoding=\"async\" src=\"https:\/\/desentopecanalizacoes.pt\/wp-content\/uploads\/2024\/09\/312971-2.png\" alt=\"\"><\/span>\n                  <h4 class=\"u-text u-text-2\">Particulares<br>\n                  <\/h4>\n                  <p class=\"u-text u-text-3\">Prestamos todo o tipo de servi\u00e7o desentupimentos dom\u00e9sticos.&nbsp;<br>Desentupimento de sif\u00f5es, sanitas, esgotos, etc \n                  <\/p>\n                <\/div>\n              <\/div>\n              <div class=\"u-align-left u-container-align-left u-container-style u-layout-cell u-size-20 u-layout-cell-2\">\n                <div class=\"u-container-layout u-valign-top-lg u-valign-top-md u-valign-top-sm u-valign-top-xl u-container-layout-2\"><span class=\"u-file-icon u-icon u-icon-circle u-palette-2-base u-icon-2\"><img decoding=\"async\" src=\"https:\/\/desentopecanalizacoes.pt\/wp-content\/uploads\/2024\/09\/8676586-2.png\" alt=\"\"><\/span>\n                  <h4 class=\"u-text u-text-4\">Empresas<br>\n                  <\/h4>\n                  <p class=\"u-text u-text-5\">Temos os melhores t\u00e9cnicos e equipamentos profissionais, m\u00e1quinas e cami\u00f5es de desentupimentos dispon\u00edveis para prestar servi\u00e7o pontual ou recorrente \u00e0 sua empresa<\/p>\n                <\/div>\n              <\/div>\n              <div class=\"u-align-left u-container-align-left u-container-style u-layout-cell u-right-cell u-size-20 u-layout-cell-3\">\n                <div class=\"u-container-layout u-valign-top u-container-layout-3\"><span class=\"u-file-icon u-icon u-icon-circle u-palette-2-base u-icon-3\"><img decoding=\"async\" src=\"https:\/\/desentopecanalizacoes.pt\/wp-content\/uploads\/2024\/09\/8734795-2.png\" alt=\"\"><\/span>\n                  <h4 class=\"u-text u-text-6\">T\u00e9cnicos Especializados<br>\n                  <\/h4>\n                  <p class=\"u-text u-text-7\">A nossa equipa tem a forma\u00e7\u00e3o certa para corresponder \u00e0s suas expectativas, vamos resolver o seu problema bem e \u00e0 primeira. Desentupimentos \u00e9 connosco!<\/p>\n                <\/div>\n              <\/div>\n            <\/div>\n          <\/div>\n        <\/div>\n      <\/div>\n    <\/section>\n    <section class=\"u-align-center u-clearfix u-container-align-center u-section-7\" id=\"sec-6349\">\n      <div class=\"u-clearfix u-sheet u-valign-middle u-sheet-1\">\n        <h1 class=\"u-align-center u-text u-text-default u-text-1\">Ainda tem d\u00favidas?&nbsp;<br>\n          <span style=\"font-size: 1.25rem;\" class=\"u-text-custom-color-1\">Pe\u00e7a o seu or\u00e7amento, temos a certeza que ficar\u00e1 satisfeito.<\/span>\n        <\/h1>\n      <\/div>\n    <\/section>\n    \n    \n    \n    \n  \n","protected":false},"excerpt":{"rendered":"<p>DESENTOPE CANALIZA\u00c7\u00d5ES DESENTUPIMENTOS PARTICULARES E EMPRESASMais de 20 Anos de Experi\u00eancia&nbsp; Equipa dispon\u00edvel&nbsp;NA SUA ZONA Podemos ajudar? A vida requer \u00e1gua!A priva\u00e7\u00e3o de \u00e1gua \u00e9 algo que nos deixa realmente chateados e desesperados. Desentope Canaliza\u00e7\u00f5es&nbsp;est\u00e1 aqui para resolver os seus problemas de entupimentos da canaliza\u00e7\u00e3o e repara\u00e7\u00f5es com rapidez e qualidade. Ligar Agora&nbsp; (Chamada para &hellip; <a href=\"https:\/\/desentopecanalizacoes.pt\/\" class=\"more-link\">Continue reading<span class=\"screen-reader-text\"> &#8220;Desentope Canaliza\u00e7\u00f5es &#8211; Intro&#8221;<\/span><\/a><\/p>\n","protected":false},"author":1,"featured_media":0,"parent":0,"menu_order":1,"comment_status":"closed","ping_status":"closed","template":"","meta":{"_themeisle_gutenberg_block_has_review":false,"_ti_tpc_template_sync":false,"_ti_tpc_template_id":"","footnotes":""},"class_list":["post-1043","page","type-page","status-publish","hentry"],"_links":{"self":[{"href":"https:\/\/desentopecanalizacoes.pt\/index.php?rest_route=\/wp\/v2\/pages\/1043","targetHints":{"allow":["GET"]}}],"collection":[{"href":"https:\/\/desentopecanalizacoes.pt\/index.php?rest_route=\/wp\/v2\/pages"}],"about":[{"href":"https:\/\/desentopecanalizacoes.pt\/index.php?rest_route=\/wp\/v2\/types\/page"}],"author":[{"embeddable":true,"href":"https:\/\/desentopecanalizacoes.pt\/index.php?rest_route=\/wp\/v2\/users\/1"}],"replies":[{"embeddable":true,"href":"https:\/\/desentopecanalizacoes.pt\/index.php?rest_route=%2Fwp%2Fv2%2Fcomments&post=1043"}],"version-history":[{"count":10,"href":"https:\/\/desentopecanalizacoes.pt\/index.php?rest_route=\/wp\/v2\/pages\/1043\/revisions"}],"predecessor-version":[{"id":1062,"href":"https:\/\/desentopecanalizacoes.pt\/index.php?rest_route=\/wp\/v2\/pages\/1043\/revisions\/1062"}],"wp:attachment":[{"href":"https:\/\/desentopecanalizacoes.pt\/index.php?rest_route=%2Fwp%2Fv2%2Fmedia&parent=1043"}],"curies":[{"name":"wp","href":"https:\/\/api.w.org\/{rel}","templated":true}]}}